{"id":674,"date":"2025-09-07T15:06:44","date_gmt":"2025-09-07T13:06:44","guid":{"rendered":"https:\/\/www.fbcatering.cz\/en\/?page_id=674"},"modified":"2026-03-23T19:52:28","modified_gmt":"2026-03-23T18:52:28","slug":"inquiry","status":"publish","type":"page","link":"https:\/\/www.fbcatering.cz\/en\/inquiry\/","title":{"rendered":"Inquiry"},"content":{"rendered":"\n<div class=\"wp-block-columns is-layout-flex wp-container-core-columns-is-layout-28f84493 wp-block-columns-is-layout-flex\">\n<div class=\"wp-block-column is-layout-flow wp-block-column-is-layout-flow\"><\/div>\n\n\n\n<div class=\"wp-block-column has-border-color has-ast-global-color-0-border-color has-ast-global-color-7-background-color has-background is-layout-flow wp-block-column-is-layout-flow\" style=\"border-width:1px;border-radius:10px;padding-top:var(--wp--preset--spacing--50);padding-right:var(--wp--preset--spacing--50);padding-bottom:var(--wp--preset--spacing--50);padding-left:var(--wp--preset--spacing--50)\">\n<div class=\"wp-block-contact-form-7-contact-form-selector\">\n<div class=\"wpcf7 no-js\" id=\"wpcf7-f941-o1\" lang=\"cs-CZ\" dir=\"ltr\" data-wpcf7-id=\"941\">\n<div class=\"screen-reader-response\"><p role=\"status\" aria-live=\"polite\" aria-atomic=\"true\"><\/p> <ul><\/ul><\/div>\n<form action=\"\/en\/wp-json\/wp\/v2\/pages\/674#wpcf7-f941-o1\" method=\"post\" class=\"wpcf7-form init\" aria-label=\"Kontaktn\u00ed formul\u00e1\u0159\" novalidate=\"novalidate\" data-status=\"init\">\n<fieldset class=\"hidden-fields-container\"><input type=\"hidden\" name=\"_wpcf7\" value=\"941\" \/><input type=\"hidden\" name=\"_wpcf7_version\" value=\"6.1.5\" \/><input type=\"hidden\" name=\"_wpcf7_locale\" value=\"cs_CZ\" \/><input type=\"hidden\" name=\"_wpcf7_unit_tag\" value=\"wpcf7-f941-o1\" \/><input type=\"hidden\" name=\"_wpcf7_container_post\" value=\"0\" \/><input type=\"hidden\" name=\"_wpcf7_posted_data_hash\" value=\"\" \/><input type=\"hidden\" name=\"_wpcf7_recaptcha_response\" value=\"\" \/>\n<\/fieldset>\n<!-- wp:heading {\"textAlign\":\"center\",\"level\":3,\"fontSize\":\"medium\"} -->\n<h3 class=\"wp-block-heading has-text-align-center has-medium-font-size\">Send request\n<\/h3>\n<!-- \/wp:heading -->\n\n<!-- wp:separator {\"className\":\"is-style-wide\",\"style\":{\"spacing\":{\"margin\":{\"top\":\"var:preset|spacing|20\",\"bottom\":\"var:preset|spacing|20\"}}},\"backgroundColor\":\"ast-global-color-0\"} -->\n<hr class=\"wp-block-separator has-text-color has-ast-global-color-0-color has-alpha-channel-opacity has-ast-global-color-0-background-color has-background is-style-wide\" style=\"margin-top:var(--wp--preset--spacing--20);margin-bottom:var(--wp--preset--spacing--20)\" \/>\n<!-- \/wp:separator -->\n\n<!-- wp:paragraph {\"align\":\"center\",\"style\":{\"elements\":{\"link\":{\"color\":{\"text\":\"var:preset|color|ast-global-color-0\"}}}},\"textColor\":\"ast-global-color-0\"} -->\n<p class=\"has-text-align-center has-ast-global-color-0-color has-text-color has-link-color\">\ufe3e\n<\/p>\n<!-- \/wp:paragraph -->\n<p><label> \ud83d\udc64 Your name<br \/>\n<span class=\"wpcf7-form-control-wrap\" data-name=\"your-name\"><input size=\"40\" maxlength=\"400\" class=\"wpcf7-form-control wpcf7-text wpcf7-validates-as-required cf7-input\" id=\"dp-name\" aria-required=\"true\" aria-invalid=\"false\" placeholder=\"Jan Nov\u00e1k\" value=\"\" type=\"text\" name=\"your-name\" \/><\/span><br \/>\n<\/label>\n<\/p>\n<p><label> \u2709 Your e-mail<br \/>\n<span class=\"wpcf7-form-control-wrap\" data-name=\"your-email\"><input size=\"40\" maxlength=\"400\" class=\"wpcf7-form-control wpcf7-email wpcf7-validates-as-required wpcf7-text wpcf7-validates-as-email cf7-input\" id=\"dp-email\" aria-required=\"true\" aria-invalid=\"false\" placeholder=\"jan.novak@example.com\" value=\"\" type=\"email\" name=\"your-email\" \/><\/span><br \/>\n<\/label>\n<\/p>\n<p><label> \u260f Your phone no.<br \/>\n<span class=\"wpcf7-form-control-wrap\" data-name=\"tel-399\"><input size=\"40\" maxlength=\"400\" class=\"wpcf7-form-control wpcf7-tel wpcf7-validates-as-required wpcf7-text wpcf7-validates-as-tel cf7-input\" id=\"dp-phone\" aria-required=\"true\" aria-invalid=\"false\" placeholder=\"+420 777 123 456\" value=\"\" type=\"tel\" name=\"tel-399\" \/><\/span><br \/>\n<\/label>\n<\/p>\n<p><label> Number of persons:<br \/>\n<span class=\"wpcf7-form-control-wrap\" data-name=\"pocet-osob\"><select class=\"wpcf7-form-control wpcf7-select cf7-select\" id=\"dp-people\" aria-invalid=\"false\" name=\"pocet-osob\"><option value=\"\">&#8212;Zvolte pros\u00edm mo\u017enost&#8212;<\/option><option value=\"0\u201350\">0\u201350<\/option><option value=\"50\u2013150\">50\u2013150<\/option><option value=\"150\u2013250\">150\u2013250<\/option><option value=\"+250\">+250<\/option><\/select><\/span><br \/>\n<\/label>\n<\/p>\n<p><label> Event type:<br \/>\n<span class=\"wpcf7-form-control-wrap\" data-name=\"druh-akce\"><select class=\"wpcf7-form-control wpcf7-select wpcf7-validates-as-required cf7-select\" id=\"dp-eventtype\" aria-required=\"true\" aria-invalid=\"false\" name=\"druh-akce\"><option value=\"\">&#8212;Zvolte pros\u00edm mo\u017enost&#8212;<\/option><option value=\"Corporate events\">Corporate events<\/option><option value=\"Wedings\">Wedings<\/option><option value=\"Social Events\">Social Events<\/option><option value=\"Conference\">Conference<\/option><option value=\"Other\">Other<\/option><\/select><\/span><br \/>\n<\/label>\n<\/p>\n<p><label> Date:<br \/>\n<span class=\"wpcf7-form-control-wrap\" data-name=\"date-termin\"><input class=\"wpcf7-form-control wpcf7-date wpcf7-validates-as-date cf7-date\" id=\"dp-date\" min=\"2026-05-06\" aria-invalid=\"false\" value=\"\" type=\"date\" name=\"date-termin\" \/><\/span><br \/>\n<\/label>\n<\/p>\n<p><label> Send us your message please<br \/>\n<span class=\"wpcf7-form-control-wrap\" data-name=\"your-message\"><textarea cols=\"40\" rows=\"4\" maxlength=\"2000\" class=\"wpcf7-form-control wpcf7-textarea wpcf7-validates-as-required cf7-textarea\" id=\"dp-message\" aria-required=\"true\" aria-invalid=\"false\" placeholder=\"Briefly describe your request, the location, time, etc.\" name=\"your-message\"><\/textarea><\/span><br \/>\n<\/label>\n<\/p>\n<p><span class=\"wpcf7-form-control-wrap\" data-name=\"gdpr-consent\"><span class=\"wpcf7-form-control wpcf7-checkbox wpcf7-validates-as-required\" id=\"dp-gdpr\"><span class=\"wpcf7-list-item first last\"><label><input type=\"checkbox\" name=\"gdpr-consent[]\" value=\"I agree to the processing of personal data for the purpose of handling my request.\" \/><span class=\"wpcf7-list-item-label\">I agree to the processing of personal data for the purpose of handling my request.<\/span><\/label><\/span><\/span><\/span>\n<\/p>\n<p><input class=\"wpcf7-form-control wpcf7-submit has-spinner\" type=\"submit\" value=\"Send\" \/>\n<\/p><div class=\"wpcf7-response-output\" aria-hidden=\"true\"><\/div>\n<\/form>\n<\/div>\n<\/div>\n<\/div>\n\n\n\n<div class=\"wp-block-column is-layout-flow wp-block-column-is-layout-flow\"><\/div>\n<\/div>\n\n\n\n<p><\/p>\n","protected":false},"excerpt":{"rendered":"","protected":false},"author":1,"featured_media":0,"parent":0,"menu_order":0,"comment_status":"closed","ping_status":"closed","template":"","meta":{"_uag_custom_page_level_css":"","site-sidebar-layout":"default","site-content-layout":"","ast-site-content-layout":"default","site-content-style":"default","site-sidebar-style":"default","ast-global-header-display":"","ast-banner-title-visibility":"","ast-main-header-display":"","ast-hfb-above-header-display":"","ast-hfb-below-header-display":"","ast-hfb-mobile-header-display":"","site-post-title":"","ast-breadcrumbs-content":"","ast-featured-img":"","footer-sml-layout":"","ast-disable-related-posts":"","theme-transparent-header-meta":"","adv-header-id-meta":"784","stick-header-meta":"","header-above-stick-meta":"","header-main-stick-meta":"","header-below-stick-meta":"","astra-migrate-meta-layouts":"default","ast-page-background-enabled":"default","ast-page-background-meta":{"desktop":{"background-color":"var(--ast-global-color-5)","background-image":"","background-repeat":"repeat","background-position":"center center","background-size":"auto","background-attachment":"scroll","background-type":"","background-media":"","overlay-type":"","overlay-color":"","overlay-opacity":"","overlay-gradient":""},"tablet":{"background-color":"","background-image":"","background-repeat":"repeat","background-position":"center center","background-size":"auto","background-attachment":"scroll","background-type":"","background-media":"","overlay-type":"","overlay-color":"","overlay-opacity":"","overlay-gradient":""},"mobile":{"background-color":"","background-image":"","background-repeat":"repeat","background-position":"center center","background-size":"auto","background-attachment":"scroll","background-type":"","background-media":"","overlay-type":"","overlay-color":"","overlay-opacity":"","overlay-gradient":""}},"ast-content-background-meta":{"desktop":{"background-color":"var(--ast-global-color-4)","background-image":"","background-repeat":"repeat","background-position":"center center","background-size":"auto","background-attachment":"scroll","background-type":"","background-media":"","overlay-type":"","overlay-color":"","overlay-opacity":"","overlay-gradient":""},"tablet":{"background-color":"var(--ast-global-color-4)","background-image":"","background-repeat":"repeat","background-position":"center center","background-size":"auto","background-attachment":"scroll","background-type":"","background-media":"","overlay-type":"","overlay-color":"","overlay-opacity":"","overlay-gradient":""},"mobile":{"background-color":"var(--ast-global-color-4)","background-image":"","background-repeat":"repeat","background-position":"center center","background-size":"auto","background-attachment":"scroll","background-type":"","background-media":"","overlay-type":"","overlay-color":"","overlay-opacity":"","overlay-gradient":""}},"footnotes":""},"class_list":["post-674","page","type-page","status-publish","hentry"],"yoast_head":"<!-- This site is optimized with the Yoast SEO plugin v27.4 - https:\/\/yoast.com\/product\/yoast-seo-wordpress\/ -->\n<title>Inquiry - F&amp;B Catering | Order catering and pay no rental fees!<\/title>\n<meta name=\"description\" content=\"We will prepare a tailor-made offer \u2013 catering, venue, equipment and service for your event in the historic halls of the Staropramen Brewery.\" \/>\n<meta name=\"robots\" content=\"index, follow, max-snippet:-1, max-image-preview:large, max-video-preview:-1\" \/>\n<link rel=\"canonical\" href=\"https:\/\/www.fbcatering.cz\/en\/inquiry\/\" \/>\n<meta property=\"og:locale\" content=\"cs_CZ\" \/>\n<meta property=\"og:type\" content=\"article\" \/>\n<meta property=\"og:title\" content=\"Inquiry - F&amp;B Catering | Order catering and pay no rental fees!\" \/>\n<meta property=\"og:description\" content=\"We will prepare a tailor-made offer \u2013 catering, venue, equipment and service for your event in the historic halls of the Staropramen Brewery.\" \/>\n<meta property=\"og:url\" content=\"https:\/\/www.fbcatering.cz\/en\/inquiry\/\" \/>\n<meta property=\"og:site_name\" content=\"F&amp;B Catering | Order catering and pay no rental fees!\" \/>\n<meta property=\"article:modified_time\" content=\"2026-03-23T18:52:28+00:00\" \/>\n<meta name=\"twitter:card\" content=\"summary_large_image\" \/>\n<meta name=\"twitter:label1\" content=\"Odhadovan\u00e1 doba \u010dten\u00ed\" \/>\n\t<meta name=\"twitter:data1\" content=\"1 minuta\" \/>\n<script type=\"application\/ld+json\" class=\"yoast-schema-graph\">{\"@context\":\"https:\\\/\\\/schema.org\",\"@graph\":[{\"@type\":\"WebPage\",\"@id\":\"https:\\\/\\\/www.fbcatering.cz\\\/en\\\/inquiry\\\/\",\"url\":\"https:\\\/\\\/www.fbcatering.cz\\\/en\\\/inquiry\\\/\",\"name\":\"Inquiry - F&amp;B Catering | Order catering and pay no rental fees!\",\"isPartOf\":{\"@id\":\"https:\\\/\\\/www.fbcatering.cz\\\/en\\\/#website\"},\"datePublished\":\"2025-09-07T13:06:44+00:00\",\"dateModified\":\"2026-03-23T18:52:28+00:00\",\"description\":\"We will prepare a tailor-made offer \u2013 catering, venue, equipment and service for your event in the historic halls of the Staropramen Brewery.\",\"breadcrumb\":{\"@id\":\"https:\\\/\\\/www.fbcatering.cz\\\/en\\\/inquiry\\\/#breadcrumb\"},\"inLanguage\":\"cs\",\"potentialAction\":[{\"@type\":\"ReadAction\",\"target\":[\"https:\\\/\\\/www.fbcatering.cz\\\/en\\\/inquiry\\\/\"]}]},{\"@type\":\"BreadcrumbList\",\"@id\":\"https:\\\/\\\/www.fbcatering.cz\\\/en\\\/inquiry\\\/#breadcrumb\",\"itemListElement\":[{\"@type\":\"ListItem\",\"position\":1,\"name\":\"Dom\u016f\",\"item\":\"https:\\\/\\\/www.fbcatering.cz\\\/en\\\/\"},{\"@type\":\"ListItem\",\"position\":2,\"name\":\"Inquiry\"}]},{\"@type\":\"WebSite\",\"@id\":\"https:\\\/\\\/www.fbcatering.cz\\\/en\\\/#website\",\"url\":\"https:\\\/\\\/www.fbcatering.cz\\\/en\\\/\",\"name\":\"F&B Catering | Order catering and pay no rental fees!\",\"description\":\"We offer unique venues for hosting private celebrations, corporate parties, wedding receptions, trainings, conferences, presentations, and other events.\",\"publisher\":{\"@id\":\"https:\\\/\\\/www.fbcatering.cz\\\/en\\\/#organization\"},\"potentialAction\":[{\"@type\":\"SearchAction\",\"target\":{\"@type\":\"EntryPoint\",\"urlTemplate\":\"https:\\\/\\\/www.fbcatering.cz\\\/en\\\/?s={search_term_string}\"},\"query-input\":{\"@type\":\"PropertyValueSpecification\",\"valueRequired\":true,\"valueName\":\"search_term_string\"}}],\"inLanguage\":\"cs\"},{\"@type\":\"Organization\",\"@id\":\"https:\\\/\\\/www.fbcatering.cz\\\/en\\\/#organization\",\"name\":\"F&B Catering | Order catering and pay no rental fees!\",\"url\":\"https:\\\/\\\/www.fbcatering.cz\\\/en\\\/\",\"logo\":{\"@type\":\"ImageObject\",\"inLanguage\":\"cs\",\"@id\":\"https:\\\/\\\/www.fbcatering.cz\\\/en\\\/#\\\/schema\\\/logo\\\/image\\\/\",\"url\":\"https:\\\/\\\/www.fbcatering.cz\\\/en\\\/wp-content\\\/uploads\\\/FBC-logo-whiteFB.png\",\"contentUrl\":\"https:\\\/\\\/www.fbcatering.cz\\\/en\\\/wp-content\\\/uploads\\\/FBC-logo-whiteFB.png\",\"width\":400,\"height\":400,\"caption\":\"F&B Catering | Order catering and pay no rental fees!\"},\"image\":{\"@id\":\"https:\\\/\\\/www.fbcatering.cz\\\/en\\\/#\\\/schema\\\/logo\\\/image\\\/\"}}]}<\/script>\n<!-- \/ Yoast SEO plugin. -->","yoast_head_json":{"title":"Inquiry - F&amp;B Catering | Order catering and pay no rental fees!","description":"We will prepare a tailor-made offer \u2013 catering, venue, equipment and service for your event in the historic halls of the Staropramen Brewery.","robots":{"index":"index","follow":"follow","max-snippet":"max-snippet:-1","max-image-preview":"max-image-preview:large","max-video-preview":"max-video-preview:-1"},"canonical":"https:\/\/www.fbcatering.cz\/en\/inquiry\/","og_locale":"cs_CZ","og_type":"article","og_title":"Inquiry - F&amp;B Catering | Order catering and pay no rental fees!","og_description":"We will prepare a tailor-made offer \u2013 catering, venue, equipment and service for your event in the historic halls of the Staropramen Brewery.","og_url":"https:\/\/www.fbcatering.cz\/en\/inquiry\/","og_site_name":"F&amp;B Catering | Order catering and pay no rental fees!","article_modified_time":"2026-03-23T18:52:28+00:00","twitter_card":"summary_large_image","twitter_misc":{"Odhadovan\u00e1 doba \u010dten\u00ed":"1 minuta"},"schema":{"@context":"https:\/\/schema.org","@graph":[{"@type":"WebPage","@id":"https:\/\/www.fbcatering.cz\/en\/inquiry\/","url":"https:\/\/www.fbcatering.cz\/en\/inquiry\/","name":"Inquiry - F&amp;B Catering | Order catering and pay no rental fees!","isPartOf":{"@id":"https:\/\/www.fbcatering.cz\/en\/#website"},"datePublished":"2025-09-07T13:06:44+00:00","dateModified":"2026-03-23T18:52:28+00:00","description":"We will prepare a tailor-made offer \u2013 catering, venue, equipment and service for your event in the historic halls of the Staropramen Brewery.","breadcrumb":{"@id":"https:\/\/www.fbcatering.cz\/en\/inquiry\/#breadcrumb"},"inLanguage":"cs","potentialAction":[{"@type":"ReadAction","target":["https:\/\/www.fbcatering.cz\/en\/inquiry\/"]}]},{"@type":"BreadcrumbList","@id":"https:\/\/www.fbcatering.cz\/en\/inquiry\/#breadcrumb","itemListElement":[{"@type":"ListItem","position":1,"name":"Dom\u016f","item":"https:\/\/www.fbcatering.cz\/en\/"},{"@type":"ListItem","position":2,"name":"Inquiry"}]},{"@type":"WebSite","@id":"https:\/\/www.fbcatering.cz\/en\/#website","url":"https:\/\/www.fbcatering.cz\/en\/","name":"F&B Catering | Order catering and pay no rental fees!","description":"We offer unique venues for hosting private celebrations, corporate parties, wedding receptions, trainings, conferences, presentations, and other events.","publisher":{"@id":"https:\/\/www.fbcatering.cz\/en\/#organization"},"potentialAction":[{"@type":"SearchAction","target":{"@type":"EntryPoint","urlTemplate":"https:\/\/www.fbcatering.cz\/en\/?s={search_term_string}"},"query-input":{"@type":"PropertyValueSpecification","valueRequired":true,"valueName":"search_term_string"}}],"inLanguage":"cs"},{"@type":"Organization","@id":"https:\/\/www.fbcatering.cz\/en\/#organization","name":"F&B Catering | Order catering and pay no rental fees!","url":"https:\/\/www.fbcatering.cz\/en\/","logo":{"@type":"ImageObject","inLanguage":"cs","@id":"https:\/\/www.fbcatering.cz\/en\/#\/schema\/logo\/image\/","url":"https:\/\/www.fbcatering.cz\/en\/wp-content\/uploads\/FBC-logo-whiteFB.png","contentUrl":"https:\/\/www.fbcatering.cz\/en\/wp-content\/uploads\/FBC-logo-whiteFB.png","width":400,"height":400,"caption":"F&B Catering | Order catering and pay no rental fees!"},"image":{"@id":"https:\/\/www.fbcatering.cz\/en\/#\/schema\/logo\/image\/"}}]}},"uagb_featured_image_src":{"full":false,"thumbnail":false,"medium":false,"medium_large":false,"large":false,"1536x1536":false,"2048x2048":false},"uagb_author_info":{"display_name":"SmichovAdminCatering","author_link":"https:\/\/www.fbcatering.cz\/en\/author\/smichovadmincatering\/"},"uagb_comment_info":0,"uagb_excerpt":null,"_links":{"self":[{"href":"https:\/\/www.fbcatering.cz\/en\/wp-json\/wp\/v2\/pages\/674","targetHints":{"allow":["GET"]}}],"collection":[{"href":"https:\/\/www.fbcatering.cz\/en\/wp-json\/wp\/v2\/pages"}],"about":[{"href":"https:\/\/www.fbcatering.cz\/en\/wp-json\/wp\/v2\/types\/page"}],"author":[{"embeddable":true,"href":"https:\/\/www.fbcatering.cz\/en\/wp-json\/wp\/v2\/users\/1"}],"replies":[{"embeddable":true,"href":"https:\/\/www.fbcatering.cz\/en\/wp-json\/wp\/v2\/comments?post=674"}],"version-history":[{"count":16,"href":"https:\/\/www.fbcatering.cz\/en\/wp-json\/wp\/v2\/pages\/674\/revisions"}],"predecessor-version":[{"id":1309,"href":"https:\/\/www.fbcatering.cz\/en\/wp-json\/wp\/v2\/pages\/674\/revisions\/1309"}],"wp:attachment":[{"href":"https:\/\/www.fbcatering.cz\/en\/wp-json\/wp\/v2\/media?parent=674"}],"curies":[{"name":"wp","href":"https:\/\/api.w.org\/{rel}","templated":true}]}}